{"id":1685,"date":"2021-08-18T05:01:05","date_gmt":"2021-08-18T05:01:05","guid":{"rendered":"https:\/\/wordpress.vecurosoft.com\/medilax\/?page_id=1685"},"modified":"2025-11-26T09:44:29","modified_gmt":"2025-11-26T06:44:29","slug":"projects","status":"publish","type":"page","link":"https:\/\/fibumedical.com\/index.php\/projects\/","title":{"rendered":"\u00dcr\u00fcnlerimiz"},"content":{"rendered":"\t\t<div data-elementor-type=\"wp-page\" data-elementor-id=\"1685\" class=\"elementor elementor-1685\">\n\t\t\t\t\t\t<section class=\"elementor-section elementor-top-section elementor-element elementor-element-b6ac67d elementor-section-full_width elementor-section-height-default elementor-section-height-default\" data-id=\"b6ac67d\" data-element_type=\"section\">\n\t\t\t\t\t\t<div class=\"elementor-container elementor-column-gap-no\">\n\t\t\t\t\t<div class=\"elementor-column elementor-col-100 elementor-top-column elementor-element elementor-element-94862c9\" data-id=\"94862c9\" data-element_type=\"column\">\n\t\t\t<div class=\"elementor-widget-wrap elementor-element-populated\">\n\t\t\t\t\t\t<div class=\"elementor-element elementor-element-0ff80d4 elementor-widget elementor-widget-medilaxproject\" data-id=\"0ff80d4\" data-element_type=\"widget\" data-widget_type=\"medilaxproject.default\">\n\t\t\t\t<div class=\"elementor-widget-container\">\n\t\t\t\t\t<!-----------------------Start Project Area-----------------------><section class=\"vs-project-wrapper\"><div class=\"container z-index-common\"><div class=\"project-menu text-center mb-40 filter-menu-active \"><button data-filter=\"*\" class=\"vs-btn style4 active\">T\u00fcm\u00fc<\/button><button class=\"vs-btn style4\" data-filter=\".cerrahi-ve-operasyonel-setler\">Cerrahi ve Operasyonel Setler<\/button><button class=\"vs-btn style4\" data-filter=\".cihaz-ve-ekipman-koruyuculari\">Cihaz ve Ekipman Koruyucular\u0131<\/button><button class=\"vs-btn style4\" data-filter=\".solusyon-ve-hazne-urunleri\">Sol\u00fcsyon ve Hazne \u00dcr\u00fcnleri<\/button><\/div><div class=\"row justify-content-center filter-active\"><div class=\"col-md-6 col-xl-4 filter-item solusyon-ve-hazne-urunleri \"><div class=\"vs-project-box mb-30\"><div class=\"project-img\"><img decoding=\"async\" src=\"https:\/\/fibumedical.com\/wp-content\/uploads\/2025\/11\/solusyonkabi-Photoroom.png\" alt=\"solusyonkabi Photoroom\"  class=\"w-100\" \/><\/div><div class=\"project-content\"><span class=\"project-cat fs-xs\">Sol\u00fcsyon ve Hazne \u00dcr\u00fcnleri<\/span><h4 class=\"project-name\">500 cc Sol\u00fcsyon Kab\u0131<\/h4><a href=\"https:\/\/fibumedical.com\/wp-content\/uploads\/2025\/11\/solusyonkabi-Photoroom.png\" class=\"icon-btn style4 popup-image\"><i class=\"fal fa-eye\"><\/i><\/a><\/div><\/div><\/div><div class=\"col-md-6 col-xl-4 filter-item solusyon-ve-hazne-urunleri \"><div class=\"vs-project-box mb-30\"><div class=\"project-img\"><img decoding=\"async\" src=\"https:\/\/fibumedical.com\/wp-content\/uploads\/2025\/11\/guidewirekabi-Photoroom.png\" alt=\"guidewirekabi Photoroom\"  class=\"w-100\" \/><\/div><div class=\"project-content\"><span class=\"project-cat fs-xs\">Sol\u00fcsyon ve Hazne \u00dcr\u00fcnleri<\/span><h4 class=\"project-name\">2500 cc Guidewire<\/h4><a href=\"https:\/\/fibumedical.com\/wp-content\/uploads\/2025\/11\/guidewirekabi-Photoroom.png\" class=\"icon-btn style4 popup-image\"><i class=\"fal fa-eye\"><\/i><\/a><\/div><\/div><\/div><div class=\"col-md-6 col-xl-4 filter-item solusyon-ve-hazne-urunleri \"><div class=\"vs-project-box mb-30\"><div class=\"project-img\"><img decoding=\"async\" src=\"https:\/\/fibumedical.com\/wp-content\/uploads\/2025\/11\/CCTepsi-Photoroom.png\" alt=\"CCTepsi Photoroom\"  class=\"w-100\" \/><\/div><div class=\"project-content\"><span class=\"project-cat fs-xs\">Sol\u00fcsyon ve Hazne \u00dcr\u00fcnleri<\/span><h4 class=\"project-name\">2500 cc Tepsi<\/h4><a href=\"https:\/\/fibumedical.com\/wp-content\/uploads\/2025\/11\/CCTepsi-Photoroom.png\" class=\"icon-btn style4 popup-image\"><i class=\"fal fa-eye\"><\/i><\/a><\/div><\/div><\/div><div class=\"col-md-6 col-xl-4 filter-item cihaz-ve-ekipman-koruyuculari \"><div class=\"vs-project-box mb-30\"><div class=\"project-img\"><img decoding=\"async\" src=\"https:\/\/fibumedical.com\/wp-content\/uploads\/2025\/11\/Kamerakilifi-Photoroom.png\" alt=\"Kamerakilifi Photoroom\"  class=\"w-100\" \/><\/div><div class=\"project-content\"><span class=\"project-cat fs-xs\">Cihaz ve Ekipman Koruyucular\u0131<\/span><h4 class=\"project-name\">Kamera K\u0131l\u0131f\u0131<\/h4><a href=\"https:\/\/fibumedical.com\/wp-content\/uploads\/2025\/11\/Kamerakilifi-Photoroom.png\" class=\"icon-btn style4 popup-image\"><i class=\"fal fa-eye\"><\/i><\/a><\/div><\/div><\/div><div class=\"col-md-6 col-xl-4 filter-item cihaz-ve-ekipman-koruyuculari \"><div class=\"vs-project-box mb-30\"><div class=\"project-img\"><img decoding=\"async\" src=\"https:\/\/fibumedical.com\/wp-content\/uploads\/2025\/11\/Mikroskop-kilifi-Photoroom.png\" alt=\"Mikroskop kilifi Photoroom\"  class=\"w-100\" \/><\/div><div class=\"project-content\"><span class=\"project-cat fs-xs\">Cihaz ve Ekipman Koruyucular\u0131<\/span><h4 class=\"project-name\">Mikroskop K\u0131l\u0131f\u0131<\/h4><a href=\"https:\/\/fibumedical.com\/wp-content\/uploads\/2025\/11\/Mikroskop-kilifi-Photoroom.png\" class=\"icon-btn style4 popup-image\"><i class=\"fal fa-eye\"><\/i><\/a><\/div><\/div><\/div><div class=\"col-md-6 col-xl-4 filter-item cihaz-ve-ekipman-koruyuculari \"><div class=\"vs-project-box mb-30\"><div class=\"project-img\"><img decoding=\"async\" src=\"https:\/\/fibumedical.com\/wp-content\/uploads\/2025\/11\/Kamera-kilifi-Photoroom.png\" alt=\"Kamera kilifi Photoroom\"  class=\"w-100\" \/><\/div><div class=\"project-content\"><span class=\"project-cat fs-xs\">Cihaz ve Ekipman Koruyucular\u0131<\/span><h4 class=\"project-name\">Kamera K\u0131l\u0131f\u0131<\/h4><a href=\"https:\/\/fibumedical.com\/wp-content\/uploads\/2025\/11\/Kamera-kilifi-Photoroom.png\" class=\"icon-btn style4 popup-image\"><i class=\"fal fa-eye\"><\/i><\/a><\/div><\/div><\/div><div class=\"col-md-6 col-xl-4 filter-item cerrahi-ve-operasyonel-setler \"><div class=\"vs-project-box mb-30\"><div class=\"project-img\"><img decoding=\"async\" src=\"https:\/\/fibumedical.com\/wp-content\/uploads\/2025\/11\/Bypasscebi-Photoroom.png\" alt=\"Bypasscebi Photoroom\"  class=\"w-100\" \/><\/div><div class=\"project-content\"><span class=\"project-cat fs-xs\">Cerrahi ve Operasyonel Setler<\/span><h4 class=\"project-name\">By Pass Cebi 40&#215;60<\/h4><a href=\"https:\/\/fibumedical.com\/wp-content\/uploads\/2025\/11\/Bypasscebi-Photoroom.png\" class=\"icon-btn style4 popup-image\"><i class=\"fal fa-eye\"><\/i><\/a><\/div><\/div><\/div><div class=\"col-md-6 col-xl-4 filter-item cerrahi-ve-operasyonel-setler \"><div class=\"vs-project-box mb-30\"><div class=\"project-img\"><img decoding=\"async\" src=\"https:\/\/fibumedical.com\/wp-content\/uploads\/2025\/11\/Cover-kit-Photoroom.png\" alt=\"Cover kit Photoroom\"  class=\"w-100\" \/><\/div><div class=\"project-content\"><span class=\"project-cat fs-xs\">Cerrahi ve Operasyonel Setler<\/span><h4 class=\"project-name\">Cover Kit<\/h4><a href=\"https:\/\/fibumedical.com\/wp-content\/uploads\/2025\/11\/Cover-kit-Photoroom.png\" class=\"icon-btn style4 popup-image\"><i class=\"fal fa-eye\"><\/i><\/a><\/div><\/div><\/div><div class=\"col-md-6 col-xl-4 filter-item cerrahi-ve-operasyonel-setler \"><div class=\"vs-project-box mb-30\"><div class=\"project-img\"><img decoding=\"async\" src=\"https:\/\/fibumedical.com\/wp-content\/uploads\/2025\/11\/Tur-posu-Photoroom.png\" alt=\"Tur posu Photoroom\"  class=\"w-100\" \/><\/div><div class=\"project-content\"><span class=\"project-cat fs-xs\">Cerrahi ve Operasyonel Setler<\/span><h4 class=\"project-name\">Tur Po\u015fu<\/h4><a href=\"https:\/\/fibumedical.com\/wp-content\/uploads\/2025\/11\/Tur-posu-Photoroom.png\" class=\"icon-btn style4 popup-image\"><i class=\"fal fa-eye\"><\/i><\/a><\/div><\/div><\/div><div class=\"col-md-6 col-xl-4 filter-item cerrahi-ve-operasyonel-setler \"><div class=\"vs-project-box mb-30\"><div class=\"project-img\"><img decoding=\"async\" src=\"https:\/\/fibumedical.com\/wp-content\/uploads\/2025\/11\/sezeryanposu-Photoroom.png\" alt=\"sezeryanposu Photoroom\"  class=\"w-100\" \/><\/div><div class=\"project-content\"><span class=\"project-cat fs-xs\">Cerrahi ve Operasyonel Setler<\/span><h4 class=\"project-name\">S\u00fcngerli Sezaryen Po\u015fu<\/h4><a href=\"https:\/\/fibumedical.com\/wp-content\/uploads\/2025\/11\/sezeryanposu-Photoroom.png\" class=\"icon-btn style4 popup-image\"><i class=\"fal fa-eye\"><\/i><\/a><\/div><\/div><\/div><div class=\"col-md-6 col-xl-4 filter-item cerrahi-ve-operasyonel-setler \"><div class=\"vs-project-box mb-30\"><div class=\"project-img\"><img decoding=\"async\" src=\"https:\/\/fibumedical.com\/wp-content\/uploads\/2025\/11\/Sezaryan-posu-Photoroom.png\" alt=\"Sezaryan posu Photoroom\"  class=\"w-100\" \/><\/div><div class=\"project-content\"><span class=\"project-cat fs-xs\">Cerrahi ve Operasyonel Setler<\/span><h4 class=\"project-name\">Sezaryen Po\u015fu<\/h4><a href=\"https:\/\/fibumedical.com\/wp-content\/uploads\/2025\/11\/Sezaryan-posu-Photoroom.png\" class=\"icon-btn style4 popup-image\"><i class=\"fal fa-eye\"><\/i><\/a><\/div><\/div><\/div><div class=\"col-md-6 col-xl-4 filter-item cerrahi-ve-operasyonel-setler \"><div class=\"vs-project-box mb-30\"><div class=\"project-img\"><img decoding=\"async\" src=\"https:\/\/fibumedical.com\/wp-content\/uploads\/2025\/11\/Perkutan-posu-Photoroom.png\" alt=\"Perkutan posu Photoroom\"  class=\"w-100\" \/><\/div><div class=\"project-content\"><span class=\"project-cat fs-xs\">Cerrahi ve Operasyonel Setler<\/span><h4 class=\"project-name\">Perk\u00fctan Po\u015fu<\/h4><a href=\"https:\/\/fibumedical.com\/wp-content\/uploads\/2025\/11\/Perkutan-posu-Photoroom.png\" class=\"icon-btn style4 popup-image\"><i class=\"fal fa-eye\"><\/i><\/a><\/div><\/div><\/div><div class=\"col-md-6 col-xl-4 filter-item cerrahi-ve-operasyonel-setler \"><div class=\"vs-project-box mb-30\"><div class=\"project-img\"><img decoding=\"async\" src=\"https:\/\/fibumedical.com\/wp-content\/uploads\/2025\/11\/Goz-posu-Photoroom.png\" alt=\"Goz posu Photoroom\"  class=\"w-100\" \/><\/div><div class=\"project-content\"><span class=\"project-cat fs-xs\">Cerrahi ve Operasyonel Setler<\/span><h4 class=\"project-name\">G\u00f6z Po\u015fu<\/h4><a href=\"https:\/\/fibumedical.com\/wp-content\/uploads\/2025\/11\/Goz-posu-Photoroom.png\" class=\"icon-btn style4 popup-image\"><i class=\"fal fa-eye\"><\/i><\/a><\/div><\/div><\/div><div class=\"col-md-6 col-xl-4 filter-item cerrahi-ve-operasyonel-setler \"><div class=\"vs-project-box mb-30\"><div class=\"project-img\"><img decoding=\"async\" src=\"https:\/\/fibumedical.com\/wp-content\/uploads\/2025\/11\/Artroskopi-posu-Photoroom.png\" alt=\"Artroskopi posu Photoroom\"  class=\"w-100\" \/><\/div><div class=\"project-content\"><span class=\"project-cat fs-xs\">Cerrahi ve Operasyonel Setler<\/span><h4 class=\"project-name\">Artroskopi Po\u015fu<\/h4><a href=\"https:\/\/fibumedical.com\/wp-content\/uploads\/2025\/11\/Artroskopi-posu-Photoroom.png\" class=\"icon-btn style4 popup-image\"><i class=\"fal fa-eye\"><\/i><\/a><\/div><\/div><\/div><\/div> <\/div><\/section><!-----------------------End Project Area----------------------->\t\t\t\t<\/div>\n\t\t\t\t<\/div>\n\t\t\t\t\t<\/div>\n\t\t<\/div>\n\t\t\t\t\t<\/div>\n\t\t<\/section>\n\t\t\t\t<\/div>\n\t\t","protected":false},"excerpt":{"rendered":"<p>T\u00fcm\u00fcCerrahi ve Operasyonel SetlerCihaz ve Ekipman Koruyucular\u0131Sol\u00fcsyon ve Hazne \u00dcr\u00fcnleriSol\u00fcsyon ve Hazne \u00dcr\u00fcnleri 500 cc Sol\u00fcsyon Kab\u0131 Sol\u00fcsyon ve Hazne \u00dcr\u00fcnleri 2500 cc Guidewire Sol\u00fcsyon ve Hazne \u00dcr\u00fcnleri 2500 cc Tepsi Cihaz ve Ekipman Koruyucular\u0131 Kamera K\u0131l\u0131f\u0131 Cihaz ve Ekipman Koruyucular\u0131 Mikroskop K\u0131l\u0131f\u0131 Cihaz ve Ekipman Koruyucular\u0131 Kamera K\u0131l\u0131f\u0131 Cerrahi ve Operasyonel Setler By Pass&#8230;<\/p>\n","protected":false},"author":1,"featured_media":0,"parent":0,"menu_order":0,"comment_status":"closed","ping_status":"closed","template":"template-builder.php","meta":{"footnotes":""},"class_list":["post-1685","page","type-page","status-publish","hentry"],"_links":{"self":[{"href":"https:\/\/fibumedical.com\/index.php\/wp-json\/wp\/v2\/pages\/1685","targetHints":{"allow":["GET"]}}],"collection":[{"href":"https:\/\/fibumedical.com\/index.php\/wp-json\/wp\/v2\/pages"}],"about":[{"href":"https:\/\/fibumedical.com\/index.php\/wp-json\/wp\/v2\/types\/page"}],"author":[{"embeddable":true,"href":"https:\/\/fibumedical.com\/index.php\/wp-json\/wp\/v2\/users\/1"}],"replies":[{"embeddable":true,"href":"https:\/\/fibumedical.com\/index.php\/wp-json\/wp\/v2\/comments?post=1685"}],"version-history":[{"count":7,"href":"https:\/\/fibumedical.com\/index.php\/wp-json\/wp\/v2\/pages\/1685\/revisions"}],"predecessor-version":[{"id":8392,"href":"https:\/\/fibumedical.com\/index.php\/wp-json\/wp\/v2\/pages\/1685\/revisions\/8392"}],"wp:attachment":[{"href":"https:\/\/fibumedical.com\/index.php\/wp-json\/wp\/v2\/media?parent=1685"}],"curies":[{"name":"wp","href":"https:\/\/api.w.org\/{rel}","templated":true}]}}